{"id":2,"date":"2022-11-19T05:14:02","date_gmt":"2022-11-19T05:14:02","guid":{"rendered":"https:\/\/expansionminera.com\/?page_id=2"},"modified":"2024-04-25T01:58:30","modified_gmt":"2024-04-25T01:58:30","slug":"sample-page","status":"publish","type":"page","link":"https:\/\/expansionminera.com\/","title":{"rendered":"Inicio"},"content":{"rendered":"<section class=\"wpb-content-wrapper\">[vc_row css=\u00bb.vc_custom_1678141019837{margin-top: -40px !important;}\u00bb][vc_column]\n\t\t\t<!-- START MODIFICADO001 REVOLUTION SLIDER 6.6.8 --><p class=\"rs-p-wp-fix\"><\/p>\n\t\t\t<rs-module-wrap id=\"rev_slider_1_1_wrapper\" data-source=\"gallery\" style=\"visibility:hidden;background:transparent;padding:0;margin:0px auto;margin-top:0;margin-bottom:0;\">\n\t\t\t\t<rs-module id=\"rev_slider_1_1\" style=\"\" data-version=\"6.6.8\">\n\t\t\t\t\t<rs-slides style=\"overflow: hidden; position: absolute;\">\n\t\t\t\t\t\t<rs-slide style=\"position: absolute;\" data-key=\"rs-6\" data-title=\"Slide\" data-anim=\"ms:400;\" data-in=\"o:0;\" data-out=\"a:false;\">\n\t\t\t\t\t\t\t<img decoding=\"async\" src=\"\/\/expansionminera.com\/wp-content\/plugins\/revslider\/public\/assets\/assets\/dummy.png\" alt=\"Slide\" title=\"Inicio\" class=\"rev-slidebg tp-rs-img rs-lazyload\" data-lazyload=\"\/\/expansionminera.com\/wp-content\/plugins\/revslider\/public\/assets\/assets\/transparent.png\" data-no-retina>\n<!--\n\t\t\t\t\t\t\t--><a\n\t\t\t\t\t\t\t\tid=\"slider-1-slide-6-layer-0\" \n\t\t\t\t\t\t\t\tclass=\"rs-layer\"\n\t\t\t\t\t\t\t\thref=\"https:\/\/metalsargentina.com\/registration-media\/\" target=\"_self\"\n\t\t\t\t\t\t\t\tdata-type=\"image\"\n\t\t\t\t\t\t\t\tdata-rsp_ch=\"on\"\n\t\t\t\t\t\t\t\tdata-xy=\"x:-1px;y:1px;\"\n\t\t\t\t\t\t\t\tdata-text=\"w:normal;\"\n\t\t\t\t\t\t\t\tdata-dim=\"w:1280px;h:379px;\"\n\t\t\t\t\t\t\t\tdata-frame_1=\"sp:500;\"\n\t\t\t\t\t\t\t\tdata-frame_999=\"o:0;st:w;\"\n\t\t\t\t\t\t\t\tstyle=\"z-index:6;\"\n\t\t\t\t\t\t\t><img decoding=\"async\" src=\"\/\/expansionminera.com\/wp-content\/plugins\/revslider\/public\/assets\/assets\/dummy.png\" alt=\"\" class=\"tp-rs-img rs-lazyload\" width=\"1280\" height=\"379\" data-lazyload=\"\/\/expansionminera.com\/wp-content\/uploads\/2025\/07\/ArgentinaM_1280x379_SP.gif\" data-no-retina> \n\t\t\t\t\t\t\t<\/a><!--\n-->\t\t\t\t\t\t<\/rs-slide>\n\t\t\t\t\t\t<rs-slide style=\"position: absolute;\" data-key=\"rs-22\" data-title=\"Slide\" data-anim=\"ms:400;\" data-in=\"o:0;\" data-out=\"a:false;\">\n\t\t\t\t\t\t\t<img decoding=\"async\" src=\"\/\/expansionminera.com\/wp-content\/plugins\/revslider\/public\/assets\/assets\/dummy.png\" alt=\"Slide\" title=\"Inicio\" class=\"rev-slidebg tp-rs-img rs-lazyload\" data-lazyload=\"\/\/expansionminera.com\/wp-content\/plugins\/revslider\/public\/assets\/assets\/transparent.png\" data-no-retina>\n<!--\n\t\t\t\t\t\t\t--><rs-layer\n\t\t\t\t\t\t\t\tid=\"slider-1-slide-22-layer-3\" \n\t\t\t\t\t\t\t\tdata-type=\"image\"\n\t\t\t\t\t\t\t\tdata-rsp_ch=\"on\"\n\t\t\t\t\t\t\t\tdata-text=\"w:normal;\"\n\t\t\t\t\t\t\t\tdata-dim=\"w:1280px;h:379px;\"\n\t\t\t\t\t\t\t\tdata-frame_999=\"o:0;st:w;\"\n\t\t\t\t\t\t\t\tstyle=\"z-index:5;\"\n\t\t\t\t\t\t\t><img decoding=\"async\" src=\"\/\/expansionminera.com\/wp-content\/plugins\/revslider\/public\/assets\/assets\/dummy.png\" alt=\"\" class=\"tp-rs-img rs-lazyload\" width=\"1280\" height=\"379\" data-lazyload=\"\/\/expansionminera.com\/wp-content\/uploads\/2025\/08\/ArgentinaHC_1280x379_SP.gif\" data-no-retina> \n\t\t\t\t\t\t\t<\/rs-layer><!--\n-->\t\t\t\t\t\t<\/rs-slide>\n\t\t\t\t\t\t<rs-slide style=\"position: absolute;\" data-key=\"rs-2\" data-title=\"Slide\" data-anim=\"ms:400;\" data-in=\"o:0;\" data-out=\"a:false;\">\n\t\t\t\t\t\t\t<img decoding=\"async\" src=\"\/\/expansionminera.com\/wp-content\/plugins\/revslider\/public\/assets\/assets\/dummy.png\" alt=\"Slide\" title=\"Inicio\" class=\"rev-slidebg tp-rs-img rs-lazyload\" data-lazyload=\"\/\/expansionminera.com\/wp-content\/plugins\/revslider\/public\/assets\/assets\/transparent.png\" data-no-retina>\n<!--\n\t\t\t\t\t\t\t--><rs-layer\n\t\t\t\t\t\t\t\tid=\"slider-1-slide-2-layer-1\" \n\t\t\t\t\t\t\t\tdata-type=\"image\"\n\t\t\t\t\t\t\t\tdata-rsp_ch=\"on\"\n\t\t\t\t\t\t\t\tdata-text=\"w:normal;\"\n\t\t\t\t\t\t\t\tdata-dim=\"w:1279px;h:379px;\"\n\t\t\t\t\t\t\t\tdata-frame_999=\"o:0;st:8900;\"\n\t\t\t\t\t\t\t\tstyle=\"z-index:5;\"\n\t\t\t\t\t\t\t><img decoding=\"async\" src=\"\/\/expansionminera.com\/wp-content\/plugins\/revslider\/public\/assets\/assets\/dummy.png\" alt=\"\" class=\"tp-rs-img rs-lazyload\" width=\"1280\" height=\"379\" data-lazyload=\"\/\/expansionminera.com\/wp-content\/uploads\/2023\/01\/2.jpg\" data-no-retina> \n\t\t\t\t\t\t\t<\/rs-layer><!--\n-->\t\t\t\t\t\t<\/rs-slide>\n\t\t\t\t\t\t<rs-slide style=\"position: absolute;\" data-key=\"rs-3\" data-title=\"Slide\" data-anim=\"ms:400;\" data-in=\"o:0;\" data-out=\"a:false;\">\n\t\t\t\t\t\t\t<img decoding=\"async\" src=\"\/\/expansionminera.com\/wp-content\/plugins\/revslider\/public\/assets\/assets\/dummy.png\" alt=\"Slide\" title=\"Inicio\" class=\"rev-slidebg tp-rs-img rs-lazyload\" data-lazyload=\"\/\/expansionminera.com\/wp-content\/plugins\/revslider\/public\/assets\/assets\/transparent.png\" data-no-retina>\n<!--\n\t\t\t\t\t\t\t--><rs-layer\n\t\t\t\t\t\t\t\tid=\"slider-1-slide-3-layer-2\" \n\t\t\t\t\t\t\t\tdata-type=\"image\"\n\t\t\t\t\t\t\t\tdata-rsp_ch=\"on\"\n\t\t\t\t\t\t\t\tdata-text=\"w:normal;\"\n\t\t\t\t\t\t\t\tdata-dim=\"w:100%;h:400px;\"\n\t\t\t\t\t\t\t\tdata-frame_999=\"o:0;st:w;\"\n\t\t\t\t\t\t\t\tstyle=\"z-index:5;\"\n\t\t\t\t\t\t\t><img decoding=\"async\" src=\"\/\/expansionminera.com\/wp-content\/plugins\/revslider\/public\/assets\/assets\/dummy.png\" alt=\"\" class=\"tp-rs-img rs-lazyload\" width=\"1280\" height=\"379\" data-lazyload=\"\/\/expansionminera.com\/wp-content\/uploads\/2023\/01\/3.jpg\" data-c=\"fullwidth\" data-no-retina> \n\t\t\t\t\t\t\t<\/rs-layer><!--\n-->\t\t\t\t\t\t<\/rs-slide>\n\t\t\t\t\t\t<rs-slide style=\"position: absolute;\" data-key=\"rs-4\" data-title=\"Slide\" data-anim=\"ms:400;\" data-in=\"o:0;\" data-out=\"a:false;\">\n\t\t\t\t\t\t\t<img decoding=\"async\" src=\"\/\/expansionminera.com\/wp-content\/plugins\/revslider\/public\/assets\/assets\/dummy.png\" alt=\"Slide\" title=\"Inicio\" class=\"rev-slidebg tp-rs-img rs-lazyload\" data-lazyload=\"\/\/expansionminera.com\/wp-content\/plugins\/revslider\/public\/assets\/assets\/transparent.png\" data-no-retina>\n<!--\n\t\t\t\t\t\t\t--><rs-layer\n\t\t\t\t\t\t\t\tid=\"slider-1-slide-4-layer-3\" \n\t\t\t\t\t\t\t\tdata-type=\"image\"\n\t\t\t\t\t\t\t\tdata-rsp_ch=\"on\"\n\t\t\t\t\t\t\t\tdata-text=\"w:normal;\"\n\t\t\t\t\t\t\t\tdata-dim=\"w:100%;h:400px;\"\n\t\t\t\t\t\t\t\tdata-frame_999=\"o:0;st:w;\"\n\t\t\t\t\t\t\t\tstyle=\"z-index:5;\"\n\t\t\t\t\t\t\t><img decoding=\"async\" src=\"\/\/expansionminera.com\/wp-content\/plugins\/revslider\/public\/assets\/assets\/dummy.png\" alt=\"\" class=\"tp-rs-img rs-lazyload\" width=\"1280\" height=\"379\" data-lazyload=\"\/\/expansionminera.com\/wp-content\/uploads\/2023\/01\/4.jpg\" data-c=\"fullwidth\" data-no-retina> \n\t\t\t\t\t\t\t<\/rs-layer><!--\n-->\t\t\t\t\t\t<\/rs-slide>\n\t\t\t\t\t\t<rs-slide style=\"position: absolute;\" data-key=\"rs-21\" data-title=\"Slide\" data-anim=\"ms:400;\" data-in=\"o:0;\" data-out=\"a:false;\">\n\t\t\t\t\t\t\t<img decoding=\"async\" src=\"\/\/expansionminera.com\/wp-content\/plugins\/revslider\/public\/assets\/assets\/dummy.png\" alt=\"Slide\" title=\"Inicio\" class=\"rev-slidebg tp-rs-img rs-lazyload\" data-lazyload=\"\/\/expansionminera.com\/wp-content\/plugins\/revslider\/public\/assets\/assets\/transparent.png\" data-no-retina>\n<!--\n\t\t\t\t\t\t\t--><rs-layer\n\t\t\t\t\t\t\t\tid=\"slider-1-slide-21-layer-3\" \n\t\t\t\t\t\t\t\tdata-type=\"image\"\n\t\t\t\t\t\t\t\tdata-rsp_ch=\"on\"\n\t\t\t\t\t\t\t\tdata-text=\"w:normal;\"\n\t\t\t\t\t\t\t\tdata-dim=\"w:100%;\"\n\t\t\t\t\t\t\t\tdata-frame_999=\"o:0;st:w;\"\n\t\t\t\t\t\t\t\tstyle=\"z-index:5;\"\n\t\t\t\t\t\t\t><img decoding=\"async\" src=\"\/\/expansionminera.com\/wp-content\/plugins\/revslider\/public\/assets\/assets\/dummy.png\" alt=\"\" class=\"tp-rs-img rs-lazyload\" width=\"1280\" height=\"379\" data-lazyload=\"\/\/expansionminera.com\/wp-content\/uploads\/2023\/01\/1.jpg\" data-c=\"fullwidth\" data-no-retina> \n\t\t\t\t\t\t\t<\/rs-layer><!--\n-->\t\t\t\t\t\t<\/rs-slide>\n\t\t\t\t\t<\/rs-slides>\n\t\t\t\t\t<rs-static-layers><!--\n\t\t\t\t\t--><\/rs-static-layers>\n\t\t\t\t<\/rs-module>\n\t\t\t\t<script>\n\t\t\t\t\tsetREVStartSize({c: 'rev_slider_1_1',rl:[1280,1280,379,379],el:[379],gw:[1280],gh:[379],type:'standard',justify:'',layout:'fullwidth',mh:\"0\"});if (window.RS_MODULES!==undefined && window.RS_MODULES.modules!==undefined && window.RS_MODULES.modules[\"revslider11\"]!==undefined) {window.RS_MODULES.modules[\"revslider11\"].once = false;window.revapi1 = undefined;if (window.RS_MODULES.checkMinimal!==undefined) window.RS_MODULES.checkMinimal()}\n\t\t\t\t<\/script>\n\t\t\t<\/rs-module-wrap>\n\t\t\t<!-- END REVOLUTION SLIDER -->\n[vc_row_inner css=\u00bb.vc_custom_1678141056107{margin-top: 20px !important;margin-bottom: 20px !important;}\u00bb][vc_column_inner][vc_zigzag][\/vc_column_inner][vc_column_inner][vc_video link=\u00bbhttps:\/\/www.youtube.com\/watch?v=iiZd-6vFXK4&#8243; el_width=\u00bb90&#8243; align=\u00bbcenter\u00bb image_poster_switch=\u00bb\u00bb][\/vc_column_inner][vc_column_inner][vc_single_image image=\u00bb153&#8243; img_size=\u00bblarge\u00bb alignment=\u00bbcenter\u00bb style=\u00bbvc_box_rounded\u00bb css_animation=\u00bbright-to-left\u00bb][\/vc_column_inner][\/vc_row_inner][\/vc_column][\/vc_row][vc_row][vc_column][vc_single_image image=\u00bb154&#8243; img_size=\u00bblarge\u00bb alignment=\u00bbcenter\u00bb style=\u00bbvc_box_rounded\u00bb css_animation=\u00bbleft-to-right\u00bb][\/vc_column][\/vc_row][vc_row][vc_column][vc_column_text css=\u00bb.vc_custom_1678202565931{margin-bottom: -5px !important;}\u00bb]\r\n<blockquote><strong>Mining is the key to understanding the progress of humanity since without minerals it is very difficult to understand the history of man as we know it today.<\/strong><\/blockquote>\r\n[\/vc_column_text][\/vc_column][\/vc_row][vc_row css=\u00bb.vc_custom_1697045462049{margin-right: -20px !important;margin-left: -20px !important;}\u00bb][vc_column][vc_message message_box_style=\u00bboutline\u00bb style=\u00bbround\u00bb message_box_color=\u00bbturquoise\u00bb icon_fontawesome=\u00bbfas fa-chart-pie\u00bb css_animation=\u00bbbounceIn\u00bb css=\u00bb.vc_custom_1697043550310{margin-top: 20px !important;margin-right: 30px !important;margin-left: 30px !important;}\u00bb]40% of the world&#8217;s copper production comes from Peru and Chile[\/vc_message][vc_message message_box_style=\u00bboutline\u00bb style=\u00bbround\u00bb message_box_color=\u00bbturquoise\u00bb icon_fontawesome=\u00bbfas fa-chart-line\u00bb css_animation=\u00bbbounceIn\u00bb css=\u00bb.vc_custom_1697043618160{margin-top: 0px !important;margin-right: 30px !important;margin-left: 30px !important;}\u00bb]In 2021, copper production increased by 4.7% compared to 2021[\/vc_message][vc_message message_box_style=\u00bboutline\u00bb style=\u00bbround\u00bb message_box_color=\u00bbturquoise\u00bb icon_fontawesome=\u00bbfas fa-dollar-sign\u00bb css_animation=\u00bbbounceIn\u00bb css=\u00bb.vc_custom_1697043669855{margin-top: 0px !important;margin-right: 30px !important;margin-left: 30px !important;}\u00bb]In Peru, mining represents 11% of GDP, contributes more than 50% of foreign exchange, generates 60% of exports and contributes 20% of tax collection[\/vc_message][vc_message message_box_style=\u00bboutline\u00bb style=\u00bbround\u00bb message_box_color=\u00bbturquoise\u00bb icon_fontawesome=\u00bbfas fa-record-vinyl\u00bb css_animation=\u00bbbounceIn\u00bb css=\u00bb.vc_custom_1697043683157{margin-top: 0px !important;margin-right: 30px !important;margin-left: 30px !important;}\u00bb]Latin America has become the most important destination for investments in mining. It has grown in traditional mining countries, such as Brazil, Peru and Chile, but also in Colombia and Argentina[\/vc_message][vc_message message_box_style=\u00bboutline\u00bb style=\u00bbround\u00bb message_box_color=\u00bbturquoise\u00bb icon_fontawesome=\u00bbfas fa-bullhorn\u00bb css_animation=\u00bbbounceIn\u00bb css=\u00bb.vc_custom_1697043695997{margin-top: 0px !important;margin-right: 30px !important;margin-left: 30px !important;}\u00bb]Natural resources in China are abundant and its reserves large, \u201creserves of 54 types of metallic mineral resources (including iron, manganese, copper, bauxite, lead and zinc) have been identified.[\/vc_message][vc_message message_box_style=\u00bboutline\u00bb style=\u00bbround\u00bb message_box_color=\u00bbturquoise\u00bb icon_fontawesome=\u00bbfas fa-microchip\u00bb css_animation=\u00bbbounceIn\u00bb css=\u00bb.vc_custom_1697043713437{margin-top: 0px !important;margin-right: 30px !important;margin-left: 30px !important;}\u00bb]Europe has state-of-the-art mining technology, but its resources are insufficient, making it dependent on non-EU suppliers.[\/vc_message][vc_message message_box_style=\u00bboutline\u00bb style=\u00bbround\u00bb message_box_color=\u00bbturquoise\u00bb icon_fontawesome=\u00bbfas fa-user-md\u00bb css_animation=\u00bbbounceIn\u00bb css=\u00bb.vc_custom_1697043732852{margin-top: 0px !important;margin-right: 30px !important;margin-left: 30px !important;}\u00bb]Each direct job in mining generates 7 indirect jobs[\/vc_message][vc_video link=\u00bbhttps:\/\/youtu.be\/Z76Ai7Htka8&#8243; el_width=\u00bb90&#8243; align=\u00bbcenter\u00bb][\/vc_column][\/vc_row][vc_row][vc_column][vc_column_text css=\u00bb.vc_custom_1697042838875{margin-top: 50px !important;margin-bottom: -25px !important;}\u00bb]\r\n<blockquote><span style=\"color: #000000;\"><strong>La miner\u00eda es la clave para comprender el progreso de la humanidad ya que sin minerales es muy dif\u00edcil entender la historia del hombre tal y como la conocemos en la actualidad.<\/strong><\/span><\/blockquote>\r\n[\/vc_column_text][\/vc_column][\/vc_row][vc_row full_width=\u00bbstretch_row\u00bb][vc_column][vc_message message_box_style=\u00bboutline\u00bb style=\u00bbround\u00bb message_box_color=\u00bbturquoise\u00bb icon_fontawesome=\u00bbfas fa-chart-pie\u00bb css_animation=\u00bbbounceIn\u00bb css=\u00bb.vc_custom_1697043907230{margin-top: 40px !important;margin-right: 30px !important;margin-left: 30px !important;}\u00bb]El 40% de la producci\u00f3n de cobre del Mundo proviene de Per\u00fa y Chile[\/vc_message][vc_message message_box_style=\u00bboutline\u00bb style=\u00bbround\u00bb message_box_color=\u00bbturquoise\u00bb icon_fontawesome=\u00bbfas fa-chart-line\u00bb css_animation=\u00bbbounceIn\u00bb css=\u00bb.vc_custom_1697043786804{margin-top: 0px !important;margin-right: 30px !important;margin-left: 30px !important;}\u00bb]En 2021 la producci\u00f3n de Cobre incremento en 4.7% en relaci\u00f3n al 2021[\/vc_message][vc_message message_box_style=\u00bboutline\u00bb style=\u00bbround\u00bb message_box_color=\u00bbturquoise\u00bb icon_fontawesome=\u00bbfas fa-dollar-sign\u00bb css_animation=\u00bbbounceIn\u00bb css=\u00bb.vc_custom_1697043798044{margin-top: 0px !important;margin-right: 30px !important;margin-left: 30px !important;}\u00bb]En Per\u00fa la miner\u00eda representa el 11% del PBI, aporta m\u00e1s del 50% de divisas, genera 60% de las exportaciones y contribuye con 20% de recaudaci\u00f3n tributaria[\/vc_message][vc_message message_box_style=\u00bboutline\u00bb style=\u00bbround\u00bb message_box_color=\u00bbturquoise\u00bb icon_fontawesome=\u00bbfas fa-record-vinyl\u00bb css_animation=\u00bbbounceIn\u00bb css=\u00bb.vc_custom_1697043810630{margin-top: 0px !important;margin-right: 30px !important;margin-left: 30px !important;}\u00bb]Am\u00e9rica Latina se ha convertido en el destino m\u00e1s importante de las inversiones para la explotaci\u00f3n minera. Ha crecido en pa\u00edses tradicionalmente mineros, como Brasil, Per\u00fa y Chile, pero tambi\u00e9n en Colombia y Argentina[\/vc_message][vc_message message_box_style=\u00bboutline\u00bb style=\u00bbround\u00bb message_box_color=\u00bbturquoise\u00bb icon_fontawesome=\u00bbfas fa-bullhorn\u00bb css_animation=\u00bbbounceIn\u00bb css=\u00bb.vc_custom_1697043836524{margin-top: 0px !important;margin-right: 30px !important;margin-left: 30px !important;}\u00bb]Los recursos naturales en China son abundantes y sus reservas cuantiosas, \u201cse han identificado reservas de 54 tipos de recursos minerales met\u00e1licos (incluidos hierro, manganeso, cobre, bauxita, plomo y zinc).[\/vc_message][vc_message message_box_style=\u00bboutline\u00bb style=\u00bbround\u00bb message_box_color=\u00bbturquoise\u00bb icon_fontawesome=\u00bbfas fa-microchip\u00bb css_animation=\u00bbbounceIn\u00bb css=\u00bb.vc_custom_1697043850277{margin-top: 0px !important;margin-right: 30px !important;margin-left: 30px !important;}\u00bb]Europa cuenta con una tecnolog\u00eda minera de vanguardia, pero sus recursos son insuficientes lo que hace que dependa de proveedores extracomunitarios.[\/vc_message][vc_message message_box_style=\u00bboutline\u00bb style=\u00bbround\u00bb message_box_color=\u00bbturquoise\u00bb icon_fontawesome=\u00bbfas fa-user-md\u00bb css_animation=\u00bbbounceIn\u00bb css=\u00bb.vc_custom_1697043864597{margin-top: 0px !important;margin-right: 30px !important;margin-left: 30px !important;}\u00bb]Cada empleo directo en minera genera 7 empleos indirectos[\/vc_message][\/vc_column][\/vc_row][vc_row full_width=\u00bbstretch_row\u00bb][vc_column][vc_video link=\u00bbhttps:\/\/www.youtube.com\/watch?v=b0rEXwDu1pk\u00bb el_width=\u00bb90&#8243; align=\u00bbcenter\u00bb][\/vc_column][\/vc_row]<!-- \/wp:post-content --><\/section>","protected":false},"excerpt":{"rendered":"<p>[vc_row css=\u00bb.vc_custom_1678141019837{margin-top: -40px !important;}\u00bb][vc_column][vc_row_inner css=\u00bb.vc_custom_1678141056107{margin-top: 20px !important;margin-bottom: 20px !important;}\u00bb][vc_column_inner][vc_zigzag][\/vc_column_inner][vc_column_inner][vc_video link=\u00bbhttps:\/\/www.youtube.com\/watch?v=iiZd-6vFXK4&#8243; el_width=\u00bb90&#8243; align=\u00bbcenter\u00bb image_poster_switch=\u00bb\u00bb][\/vc_column_inner][vc_column_inner][vc_single_image image=\u00bb153&#8243; img_size=\u00bblarge\u00bb alignment=\u00bbcenter\u00bb style=\u00bbvc_box_rounded\u00bb css_animation=\u00bbright-to-left\u00bb][\/vc_column_inner][\/vc_row_inner][\/vc_column][\/vc_row][vc_row][vc_column][vc_single_image image=\u00bb154&#8243; img_size=\u00bblarge\u00bb<\/p>\n","protected":false},"author":1,"featured_media":0,"parent":0,"menu_order":0,"comment_status":"closed","ping_status":"open","template":"","meta":{"_joinchat":[],"footnotes":""},"class_list":["post-2","page","type-page","status-publish","hentry"],"_links":{"self":[{"href":"https:\/\/expansionminera.com\/index.php?rest_route=\/wp\/v2\/pages\/2","targetHints":{"allow":["GET"]}}],"collection":[{"href":"https:\/\/expansionminera.com\/index.php?rest_route=\/wp\/v2\/pages"}],"about":[{"href":"https:\/\/expansionminera.com\/index.php?rest_route=\/wp\/v2\/types\/page"}],"author":[{"embeddable":true,"href":"https:\/\/expansionminera.com\/index.php?rest_route=\/wp\/v2\/users\/1"}],"replies":[{"embeddable":true,"href":"https:\/\/expansionminera.com\/index.php?rest_route=%2Fwp%2Fv2%2Fcomments&post=2"}],"version-history":[{"count":43,"href":"https:\/\/expansionminera.com\/index.php?rest_route=\/wp\/v2\/pages\/2\/revisions"}],"predecessor-version":[{"id":738,"href":"https:\/\/expansionminera.com\/index.php?rest_route=\/wp\/v2\/pages\/2\/revisions\/738"}],"wp:attachment":[{"href":"https:\/\/expansionminera.com\/index.php?rest_route=%2Fwp%2Fv2%2Fmedia&parent=2"}],"curies":[{"name":"wp","href":"https:\/\/api.w.org\/{rel}","templated":true}]}}