{"id":335,"date":"2023-06-08T03:45:26","date_gmt":"2023-06-08T03:45:26","guid":{"rendered":"https:\/\/expansionminera.com\/?page_id=335"},"modified":"2024-01-18T04:51:26","modified_gmt":"2024-01-18T04:51:26","slug":"formulario-para-duenos-de-mineras-y-concesiones","status":"publish","type":"page","link":"https:\/\/expansionminera.com\/?page_id=335","title":{"rendered":"Formulario para due\u00f1os de Mineras y Concesiones"},"content":{"rendered":"<section class=\"wpb-content-wrapper\"><p>[vc_row][vc_column][vc_column_text]<\/p>\n<h3 style=\"text-align: center;\">Formulario para due\u00f1os de Mineras y Concesiones<\/h3>\n<p>[\/vc_column_text][vc_column_text woodmart_color_scheme=\u00bb\u00bb text_larger=\u00bb\u00bb css=\u00bb.vc_custom_1705553423007{margin-top: 20px !important;}\u00bb]<\/p>\n<p style=\"text-align: justify;\">Nuestro servicio de promoci\u00f3n y captaci\u00f3n de capital y de socios capitalistas para tu concesi\u00f3n tiene un costo de Success Fee ( Comision) de 5% del valor monetario captado +Imp de Ley. Si estas de acuerdo te invitamos a completar el siguiente formulario:<\/p>\n<p>[\/vc_column_text][\/vc_column][\/vc_row][vc_row][vc_column]\n<div class=\"wpcf7 no-js\" id=\"wpcf7-f329-o1\" lang=\"es-ES\" dir=\"ltr\" data-wpcf7-id=\"329\">\n<div class=\"screen-reader-response\"><p role=\"status\" aria-live=\"polite\" aria-atomic=\"true\"><\/p> <ul><\/ul><\/div>\n<form action=\"\/index.php?rest_route=%2Fwp%2Fv2%2Fpages%2F335#wpcf7-f329-o1\" method=\"post\" class=\"wpcf7-form init\" aria-label=\"Formulario de contacto\" enctype=\"multipart\/form-data\" novalidate=\"novalidate\" data-status=\"init\">\n<fieldset class=\"hidden-fields-container\"><input type=\"hidden\" name=\"_wpcf7\" value=\"329\" \/><input type=\"hidden\" name=\"_wpcf7_version\" value=\"6.1.5\" \/><input type=\"hidden\" name=\"_wpcf7_locale\" value=\"es_ES\" \/><input type=\"hidden\" name=\"_wpcf7_unit_tag\" value=\"wpcf7-f329-o1\" \/><input type=\"hidden\" name=\"_wpcf7_container_post\" value=\"0\" \/><input type=\"hidden\" name=\"_wpcf7_posted_data_hash\" value=\"\" \/>\n<\/fieldset>\n<p><span class=\"wpcf7-form-control-wrap\" data-name=\"your-nyap\"><input size=\"40\" maxlength=\"400\" class=\"wpcf7-form-control wpcf7-text\" aria-invalid=\"false\" placeholder=\"Nombre y Apellido\" value=\"\" type=\"text\" name=\"your-nyap\" \/><\/span><br \/>\n<span class=\"wpcf7-form-control-wrap\" data-name=\"your-correo\"><input size=\"40\" maxlength=\"400\" class=\"wpcf7-form-control wpcf7-text\" aria-invalid=\"false\" placeholder=\"Correo\" value=\"\" type=\"text\" name=\"your-correo\" \/><\/span><br \/>\n<span class=\"wpcf7-form-control-wrap\" data-name=\"your-celular\"><input size=\"40\" maxlength=\"400\" class=\"wpcf7-form-control wpcf7-text\" aria-invalid=\"false\" placeholder=\"Celular\" value=\"\" type=\"text\" name=\"your-celular\" \/><\/span><br \/>\n<span class=\"wpcf7-form-control-wrap\" data-name=\"your-ubi\"><input size=\"40\" maxlength=\"400\" class=\"wpcf7-form-control wpcf7-text\" aria-invalid=\"false\" placeholder=\"Ubicaci\u00f3n-Acceso y Extensi\u00f3n\" value=\"\" type=\"text\" name=\"your-ubi\" \/><\/span><br \/>\n<span class=\"wpcf7-form-control-wrap\" data-name=\"your-tipo\"><input size=\"40\" maxlength=\"400\" class=\"wpcf7-form-control wpcf7-text\" aria-invalid=\"false\" placeholder=\"Tipo de Mina\" value=\"\" type=\"text\" name=\"your-tipo\" \/><\/span><br \/>\n<span class=\"wpcf7-form-control-wrap\" data-name=\"textarea-71\"><textarea cols=\"40\" rows=\"10\" maxlength=\"2000\" class=\"wpcf7-form-control wpcf7-textarea\" aria-invalid=\"false\" placeholder=\"Breve Resumen del Proyecto\" name=\"textarea-71\"><\/textarea><\/span><br \/>\n<span class=\"wpcf7-form-control-wrap\" data-name=\"your-mineral\"><input size=\"40\" maxlength=\"400\" class=\"wpcf7-form-control wpcf7-text\" aria-invalid=\"false\" placeholder=\"Mineral:\" value=\"\" type=\"text\" name=\"your-mineral\" \/><\/span><br \/>\n<span class=\"wpcf7-form-control-wrap\" data-name=\"your-muestras\"><input size=\"40\" maxlength=\"400\" class=\"wpcf7-form-control wpcf7-text\" aria-invalid=\"false\" placeholder=\"Muestras y vetas\" value=\"\" type=\"text\" name=\"your-muestras\" \/><\/span><br \/>\n<span class=\"wpcf7-form-control-wrap\" data-name=\"your-datos\"><input size=\"40\" maxlength=\"400\" class=\"wpcf7-form-control wpcf7-text\" aria-invalid=\"false\" placeholder=\"Datos de importancia del entorno\" value=\"\" type=\"text\" name=\"your-datos\" \/><\/span><br \/>\n<span class=\"wpcf7-form-control-wrap\" data-name=\"your-trab\"><input size=\"40\" maxlength=\"400\" class=\"wpcf7-form-control wpcf7-text\" aria-invalid=\"false\" placeholder=\"Trabajos preliminares\" value=\"\" type=\"text\" name=\"your-trab\" \/><\/span><br \/>\n<span class=\"wpcf7-form-control-wrap\" data-name=\"your-analisis\"><input size=\"40\" maxlength=\"400\" class=\"wpcf7-form-control wpcf7-text\" aria-invalid=\"false\" placeholder=\"An\u00e1lisis de Muestras\" value=\"\" type=\"text\" name=\"your-analisis\" \/><\/span><br \/>\n<label> Resumen Ejecutivo(pdf hasta 5Mb): <span class=\"wpcf7-form-control-wrap\" data-name=\"file-541\"><input size=\"40\" class=\"wpcf7-form-control wpcf7-file\" accept=\"audio\/*,video\/*,image\/*\" aria-invalid=\"false\" type=\"file\" name=\"file-541\" \/><\/span><\/label><br \/>\n<label> Estudio Geol\u00f3gico(comprimido hasta 5Mb): <span class=\"wpcf7-form-control-wrap\" data-name=\"file-542\"><input size=\"40\" class=\"wpcf7-form-control wpcf7-file\" accept=\"audio\/*,video\/*,image\/*\" aria-invalid=\"false\" type=\"file\" name=\"file-542\" \/><\/span><\/label><br \/>\n<label> Imagen 01(imagen hasta 2Mb): <span class=\"wpcf7-form-control-wrap\" data-name=\"file-543\"><input size=\"40\" class=\"wpcf7-form-control wpcf7-file\" accept=\"audio\/*,video\/*,image\/*\" aria-invalid=\"false\" type=\"file\" name=\"file-543\" \/><\/span><\/label><br \/>\n<label> Imagen 02(imagen hasta 2Mb): <span class=\"wpcf7-form-control-wrap\" data-name=\"file-544\"><input size=\"40\" class=\"wpcf7-form-control wpcf7-file\" accept=\"audio\/*,video\/*,image\/*\" aria-invalid=\"false\" type=\"file\" name=\"file-544\" \/><\/span><\/label><br \/>\n<label> Imagen 03(imagen hasta 2Mb): <span class=\"wpcf7-form-control-wrap\" data-name=\"file-545\"><input size=\"40\" class=\"wpcf7-form-control wpcf7-file\" accept=\"audio\/*,video\/*,image\/*\" aria-invalid=\"false\" type=\"file\" name=\"file-545\" \/><\/span><\/label><br \/>\n<label> Imagen 04(imagen hasta 2Mb): <span class=\"wpcf7-form-control-wrap\" data-name=\"file-546\"><input size=\"40\" class=\"wpcf7-form-control wpcf7-file\" accept=\"audio\/*,video\/*,image\/*\" aria-invalid=\"false\" type=\"file\" name=\"file-546\" \/><\/span><\/label><br \/>\n<label>Es importante tener presente que si alg\u00fan archivo que desea cargar excede los l\u00edmites indicados, el formulario no proceder\u00e1 a enviar los datos y existe la posibilidad de que la informaci\u00f3n digitada se pierda.<\/label>\n<\/p>\n<p><input class=\"wpcf7-form-control wpcf7-submit has-spinner\" type=\"submit\" value=\"Enviar datos\" \/>\n<\/p>\n<p><label>Consultas al info@expansionminera.com (Cel : 968 680 849)<\/label>\n<\/p><div class=\"wpcf7-response-output\" aria-hidden=\"true\"><\/div>\n<\/form>\n<\/div>\n[\/vc_column][\/vc_row]<\/p>\n<\/section>","protected":false},"excerpt":{"rendered":"<p>[vc_row][vc_column][vc_column_text] Formulario para due\u00f1os de Mineras y Concesiones [\/vc_column_text][vc_column_text woodmart_color_scheme=\u00bb\u00bb text_larger=\u00bb\u00bb css=\u00bb.vc_custom_1705553423007{margin-top: 20px !important;}\u00bb] Nuestro servicio de promoci\u00f3n y captaci\u00f3n<\/p>\n","protected":false},"author":1,"featured_media":0,"parent":0,"menu_order":0,"comment_status":"closed","ping_status":"closed","template":"","meta":{"_joinchat":[],"footnotes":""},"class_list":["post-335","page","type-page","status-publish","hentry"],"_links":{"self":[{"href":"https:\/\/expansionminera.com\/index.php?rest_route=\/wp\/v2\/pages\/335","targetHints":{"allow":["GET"]}}],"collection":[{"href":"https:\/\/expansionminera.com\/index.php?rest_route=\/wp\/v2\/pages"}],"about":[{"href":"https:\/\/expansionminera.com\/index.php?rest_route=\/wp\/v2\/types\/page"}],"author":[{"embeddable":true,"href":"https:\/\/expansionminera.com\/index.php?rest_route=\/wp\/v2\/users\/1"}],"replies":[{"embeddable":true,"href":"https:\/\/expansionminera.com\/index.php?rest_route=%2Fwp%2Fv2%2Fcomments&post=335"}],"version-history":[{"count":5,"href":"https:\/\/expansionminera.com\/index.php?rest_route=\/wp\/v2\/pages\/335\/revisions"}],"predecessor-version":[{"id":656,"href":"https:\/\/expansionminera.com\/index.php?rest_route=\/wp\/v2\/pages\/335\/revisions\/656"}],"wp:attachment":[{"href":"https:\/\/expansionminera.com\/index.php?rest_route=%2Fwp%2Fv2%2Fmedia&parent=335"}],"curies":[{"name":"wp","href":"https:\/\/api.w.org\/{rel}","templated":true}]}}